{"id":136,"date":"2015-09-28T03:08:31","date_gmt":"2015-09-28T03:08:31","guid":{"rendered":"http:\/\/192.168.1.120\/semona\/construction\/?page_id=4"},"modified":"2015-12-02T11:42:38","modified_gmt":"2015-12-02T11:42:38","slug":"home","status":"publish","type":"page","link":"https:\/\/cintize.com\/pt\/","title":{"rendered":"Home"},"content":{"rendered":"<div class=\"vc_row wpb_row vc_row-fluid\">\r\n<div class=\"wpb_column vc_column_container vc_col-sm-6 sm-border-box\"><div class=\"wpb_wrapper\"><div class=\"sm_empty_space \" style=\"height: 50px\"><span class=\"sm_empty_space_inner\"><\/span><\/div><div class=\"sm_column_text sm_content_element \">\n\t<div class=\"sm_wrapper\">\n\t\t<h2 style=\"text-align: center;\">MULHER<\/h2>\n\t<\/div>\n<\/div>\n\t<div class=\"sm-image sm_content_element clearfix center\">\r\n\t\t\t<a href=\"https:\/\/cintize.com\/pt\/mulher\/\" title=\"http:\/\/mulher\">\r\n\t\t\t\t<div class=\"sm-image-wrap sm-hover-darken\">\r\n\t\t\t\t\t\t\t\t\t\t\t\t<img src=\"https:\/\/cintize.com\/pt\/wp-content\/uploads\/sites\/2\/2015\/12\/mulher.jpg\" class=\"single-image\" alt=\"mulher\" \/>\r\n\t\t\t\t\t\t\t\t\t\t\t<div class=\"lida-image-hover\"><\/div>\r\n\t\t\t\t\t\t<\/div>\r\n\t\t\t<\/a>\r\n\t\t<\/div>\r\n<\/div><\/div><div class=\"wpb_column vc_column_container vc_col-sm-6 sm-border-box\"><div class=\"wpb_wrapper\"><div class=\"sm_empty_space \" style=\"height: 50px\"><span class=\"sm_empty_space_inner\"><\/span><\/div><div class=\"sm_column_text sm_content_element \">\n\t<div class=\"sm_wrapper\">\n\t\t<h2 style=\"text-align: center;\">HOMEM<\/h2>\n\t<\/div>\n<\/div>\n\t<div class=\"sm-image sm_content_element clearfix center\">\r\n\t\t\t<a href=\"https:\/\/cintize.com\/pt\/homem\/\" title=\"http:\/\/homem\">\r\n\t\t\t\t<div class=\"sm-image-wrap sm-hover-lighten\">\r\n\t\t\t\t\t\t\t\t\t\t\t\t<img src=\"https:\/\/cintize.com\/pt\/wp-content\/uploads\/sites\/2\/2015\/12\/homem.jpg\" class=\"single-image\" alt=\"homem\" \/>\r\n\t\t\t\t\t\t\t\t\t\t\t<div class=\"lida-image-hover\"><\/div>\r\n\t\t\t\t\t\t<\/div>\r\n\t\t\t<\/a>\r\n\t\t<\/div>\r\n<\/div><\/div><\/div>\r\n<div class=\"vc_row wpb_row vc_row-fluid vc_custom_1443453377538\">\r\n<div class=\"wpb_column vc_column_container vc_col-sm-12 sm-border-box\"><div class=\"wpb_wrapper\"><div class=\"sm_empty_space \" style=\"height: 20px\"><span class=\"sm_empty_space_inner\"><\/span><\/div><div class=\"vc_row wpb_row vc_inner vc_row-fluid vc_custom_1443444873146\">\r\n<div class=\"wpb_column vc_column_container vc_col-sm-2 vc_custom_1443412273554 sm-border-box\"><div class=\"wpb_wrapper\"><\/div><\/div><div class=\"wpb_column vc_column_container vc_col-sm-8 sm-border-box\"><div class=\"wpb_wrapper\"><div class=\"sm_column_text sm_content_element \">\n\t<div class=\"sm_wrapper\">\n\t\t<h2 style=\"text-align: center;\">Nossos Servi\u00e7os<\/h2>\n<p style=\"text-align: center;\">A Cintiz\u00e9 orgulha-se de ser uma refer\u00eancia na produ\u00e7\u00e3o de acess\u00f3rios de moda ao mais alto n\u00edvel, a vanguarda tecnol\u00f3gica e a m\u00e3o-de-obra qualificada de excel\u00eancia, permitem \u00e0 Cintiz\u00e9 uma produ\u00e7\u00e3o de alta qualidade onde se pode destacar as <b>Carteiras, Malas, Cintos, Sapatos, e Fardamentos. <\/b>A vontade da empresa \u00e9 crescer e evoluir a cada novo projeto, pensando sempre em oferecer a melhor rela\u00e7\u00e3o entre qualidade\/pre\u00e7o. A sua satisfa\u00e7\u00e3o \u00e9 a nossa, desafie-nos!<\/p>\n\t<\/div>\n<\/div>\n<div class=\"sm-separator sm_content_element sm-primary sm-center\" id=\"sm-separator-4\">\r\n<style scoped>.sm-separator#sm-separator-4 hr{border-top-width:2px;width:120px;}<\/style>\t<hr \/>\r\n<\/div>\r\n<\/div><\/div><div class=\"wpb_column vc_column_container vc_col-sm-2 vc_custom_1443412280034 sm-border-box\"><div class=\"wpb_wrapper\"><\/div><\/div><\/div>\r\n\t<div class=\"sm-progress-steps3 sm_content_element clearfix columns-4 wow fadeInUp\">\r\n\t\t\t<div class=\"step remaining\">\r\n\t\t\t<div class=\"ps-rect-wrap\">\r\n\t\t\t\t<span class=\"step-icon\"><img src=http:\/\/cintize.com\/pt\/wp-content\/uploads\/sites\/2\/2015\/11\/icons-011.png><\/span>\r\n\t\t\t\t<span class=\"step-number\">1<\/span>\r\n\t\t\t<\/div>\r\n\t\t\t\t\t\t\t<div class=\"ps-arrow-icon\"><i class=\"fa fa-angle-right\"><\/i><\/div>\r\n\t\t\t\t\t\t<div class=\"ps-info-wrap\">\r\n\t\t\t\t<h6 class=\"ps-title\">An\u00e1lise do Projeto<\/h6>\r\n\t\t\t\t<div class=\"ps-text\"><p>Estudo do produto para o melhor resultado poss\u00edvel a n\u00edvel de design, materiais e m\u00e9todo de produ\u00e7\u00e3o<\/p>\n<\/div>\r\n\t\t\t<\/div>\r\n\t\t<\/div>\r\n\t\t\t<div class=\"step remaining\">\r\n\t\t\t<div class=\"ps-rect-wrap\">\r\n\t\t\t\t<span class=\"step-icon\"><img src=http:\/\/cintize.com\/pt\/wp-content\/uploads\/sites\/2\/2015\/11\/icons-021.png><\/span>\r\n\t\t\t\t<span class=\"step-number\">2<\/span>\r\n\t\t\t<\/div>\r\n\t\t\t\t\t\t\t<div class=\"ps-arrow-icon\"><i class=\"fa fa-angle-right\"><\/i><\/div>\r\n\t\t\t\t\t\t<div class=\"ps-info-wrap\">\r\n\t\t\t\t<h6 class=\"ps-title\">Tempo e Custos<\/h6>\r\n\t\t\t\t<div class=\"ps-text\"><p>An\u00e1lise pormenorizada do tempo de produ\u00e7\u00e3o e a melhor rela\u00e7\u00e3o pre\u00e7o\/qualidade<\/p>\n<\/div>\r\n\t\t\t<\/div>\r\n\t\t<\/div>\r\n\t<div class=\"ps-clearfix\"><\/div>\t\t<div class=\"step remaining\">\r\n\t\t\t<div class=\"ps-rect-wrap\">\r\n\t\t\t\t<span class=\"step-icon\"><img src=http:\/\/cintize.com\/pt\/wp-content\/uploads\/sites\/2\/2015\/11\/icons-031.png><\/span>\r\n\t\t\t\t<span class=\"step-number\">3<\/span>\r\n\t\t\t<\/div>\r\n\t\t\t\t\t\t\t<div class=\"ps-arrow-icon\"><i class=\"fa fa-angle-right\"><\/i><\/div>\r\n\t\t\t\t\t\t<div class=\"ps-info-wrap\">\r\n\t\t\t\t<h6 class=\"ps-title\">Produ\u00e7\u00e3o<\/h6>\r\n\t\t\t\t<div class=\"ps-text\"><p>A melhor tecnologia e m\u00e3o-de-obra qualificada aliadas a uma experi\u00eancia de 3 d\u00e9cadas no ramo<\/p>\n<\/div>\r\n\t\t\t<\/div>\r\n\t\t<\/div>\r\n\t\t\t<div class=\"step remaining\">\r\n\t\t\t<div class=\"ps-rect-wrap\">\r\n\t\t\t\t<span class=\"step-icon\"><img src=http:\/\/cintize.com\/pt\/wp-content\/uploads\/sites\/2\/2015\/11\/icons-041.png><\/span>\r\n\t\t\t\t<span class=\"step-number\">4<\/span>\r\n\t\t\t<\/div>\r\n\t\t\t\t\t\t<div class=\"ps-info-wrap\">\r\n\t\t\t\t<h6 class=\"ps-title\">Expedi\u00e7\u00e3o<\/h6>\r\n\t\t\t\t<div class=\"ps-text\"><p>A Cintiz\u00e9 expede para todo o mundo aos melhores pre\u00e7os e com toda a seguran\u00e7a e cuidado<\/p>\n<\/div>\r\n\t\t\t<\/div>\r\n\t\t<\/div>\r\n\t\t<\/div>\r\n<\/div><\/div><div class=\"wpb_column vc_column_container vc_col-sm-12 sm-border-box\"><div class=\"wpb_wrapper\"><\/div><\/div><\/div>\n","protected":false},"excerpt":{"rendered":"MULHER HOMEM Nossos Servi\u00e7os A Cintiz\u00e9 orgulha-se de ser uma refer\u00eancia na produ\u00e7\u00e3o de acess\u00f3rios de moda ao mais alto n\u00edvel, a vanguarda tecnol\u00f3gica e a m\u00e3o-de-obra qualificada de excel\u00eancia, permitem \u00e0 Cintiz\u00e9 uma produ\u00e7\u00e3o de alta qualidade onde se pode destacar as Carteiras, Malas, Cintos, Sapatos, e Fardamentos. A vontade da empresa \u00e9 crescer...","protected":false},"author":1,"featured_media":0,"parent":0,"menu_order":0,"comment_status":"closed","ping_status":"closed","template":"","meta":[],"_links":{"self":[{"href":"https:\/\/cintize.com\/pt\/wp-json\/wp\/v2\/pages\/136"}],"collection":[{"href":"https:\/\/cintize.com\/pt\/wp-json\/wp\/v2\/pages"}],"about":[{"href":"https:\/\/cintize.com\/pt\/wp-json\/wp\/v2\/types\/page"}],"author":[{"embeddable":true,"href":"https:\/\/cintize.com\/pt\/wp-json\/wp\/v2\/users\/1"}],"replies":[{"embeddable":true,"href":"https:\/\/cintize.com\/pt\/wp-json\/wp\/v2\/comments?post=136"}],"version-history":[{"count":38,"href":"https:\/\/cintize.com\/pt\/wp-json\/wp\/v2\/pages\/136\/revisions"}],"predecessor-version":[{"id":737,"href":"https:\/\/cintize.com\/pt\/wp-json\/wp\/v2\/pages\/136\/revisions\/737"}],"wp:attachment":[{"href":"https:\/\/cintize.com\/pt\/wp-json\/wp\/v2\/media?parent=136"}],"curies":[{"name":"wp","href":"https:\/\/api.w.org\/{rel}","templated":true}]}}