{"id":94,"date":"2015-09-29T15:54:23","date_gmt":"2015-09-29T15:54:23","guid":{"rendered":"http:\/\/192.168.1.120\/semona\/construction\/?page_id=94"},"modified":"2015-12-14T11:48:52","modified_gmt":"2015-12-14T11:48:52","slug":"sobre-nos","status":"publish","type":"page","link":"https:\/\/cintize.com\/pt\/sobre-nos\/","title":{"rendered":"Sobre N\u00f3s"},"content":{"rendered":"<div class=\"vc_row wpb_row vc_row-fluid vc_custom_1443542540792\">\r\n<div class=\"wpb_column vc_column_container vc_col-sm-12 sm-border-box\"><div class=\"wpb_wrapper\"><div class=\"sm_column_text sm_content_element  vc_custom_1447156779845\">\n\t<div class=\"sm_wrapper\">\n\t\t<h2 style=\"text-align: center;\"><span class=\"uppercase\">A CINTIZE<\/span><br \/>\n<span class=\"uppercase\" style=\"font-size: 26px; font-weight: normal;\">ACESS\u00d3RIOS DE MODA<br \/>\n<\/span><\/h2>\n\t<\/div>\n<\/div>\n<div class=\"sm_column_text sm_content_element \">\n\t<div class=\"sm_wrapper\">\n\t\t<p style=\"text-align: center;\">Com grande orgulho e dedica\u00e7\u00e3o, fabricamos acess\u00f3rios de moda de alta qualidade desde 1988.<br \/>\nContando com mais de 25 anos de experi\u00eancia, os nossos produtos refletem a paix\u00e3o e a qualidade que os nossos clientes tanto anseiam.<br \/>\nExportando para mercados como Fran\u00e7a, Dinamarca e Alemanha, influenciamos as ultimas tend\u00eancias da moda sempre com os melhores pre\u00e7os do mercado.<\/p>\n\t<\/div>\n<\/div>\n<div class=\"sm_empty_space \" style=\"height: 15px\"><span class=\"sm_empty_space_inner\"><\/span><\/div><\/div><\/div><\/div>\r\n<div data-vc-full-width=\"true\" data-vc-full-width-init=\"false\" data-vc-stretch-content=\"true\" class=\"vc_row wpb_row vc_row-fluid vc_row-no-padding\">\r\n<div class=\"wpb_column vc_column_container vc_col-sm-12 sm-border-box\"><div class=\"wpb_wrapper\"><div class=\"sm-callout sm_content_element clearfix sm-primary right\" id=\"sm-callout-3\">\r\n\t<div class=\"container\">\r\n\t\t<div class=\"callout-wrap\">\r\n\t\t\t<div class=\"callout-content\">\r\n\t\t\t\t<div class=\"heading\">Deseja Algum Tipo De Informa\u00e7\u00e3o Sobre A Nossa Empresa?<\/div>\r\n\t\t\t\t <div class=\"sub-heading\">Fale Com Um Dos Membros Da Nossa Equipa<\/div>\t\t\t<\/div>\r\n\t\t\t\t\t\t\t<div class=\"callout-button\">\r\n\t\t\t\t\t<a href=\"https:\/\/cintize.com\/pt\/contactos\/\" id=\"sm-button-4\" class=\"sm-button sm-style-flat uppercase\" title=\"Contacte-nos\" target=\"_blank\">Contacte-nos<\/a>\r\n\t\t\t\t<\/div>\r\n\t\t\t\t\t<\/div>\r\n\t<\/div>\r\n<\/div><\/div><\/div><\/div>\r\n<div class=\"vc_row-full-width\"><\/div>\n","protected":false},"excerpt":{"rendered":"A CINTIZE ACESS\u00d3RIOS DE MODA Com grande orgulho e dedica\u00e7\u00e3o, fabricamos acess\u00f3rios de moda de alta qualidade desde 1988. Contando com mais de 25 anos de experi\u00eancia, os nossos produtos refletem a paix\u00e3o e a qualidade que os nossos clientes tanto anseiam. Exportando para mercados como Fran\u00e7a, Dinamarca e Alemanha, influenciamos as ultimas tend\u00eancias da...","protected":false},"author":1,"featured_media":0,"parent":0,"menu_order":0,"comment_status":"closed","ping_status":"closed","template":"","meta":[],"_links":{"self":[{"href":"https:\/\/cintize.com\/pt\/wp-json\/wp\/v2\/pages\/94"}],"collection":[{"href":"https:\/\/cintize.com\/pt\/wp-json\/wp\/v2\/pages"}],"about":[{"href":"https:\/\/cintize.com\/pt\/wp-json\/wp\/v2\/types\/page"}],"author":[{"embeddable":true,"href":"https:\/\/cintize.com\/pt\/wp-json\/wp\/v2\/users\/1"}],"replies":[{"embeddable":true,"href":"https:\/\/cintize.com\/pt\/wp-json\/wp\/v2\/comments?post=94"}],"version-history":[{"count":16,"href":"https:\/\/cintize.com\/pt\/wp-json\/wp\/v2\/pages\/94\/revisions"}],"predecessor-version":[{"id":840,"href":"https:\/\/cintize.com\/pt\/wp-json\/wp\/v2\/pages\/94\/revisions\/840"}],"wp:attachment":[{"href":"https:\/\/cintize.com\/pt\/wp-json\/wp\/v2\/media?parent=94"}],"curies":[{"name":"wp","href":"https:\/\/api.w.org\/{rel}","templated":true}]}}